{"id":163,"date":"2023-05-28T14:24:41","date_gmt":"2023-05-28T12:24:41","guid":{"rendered":"https:\/\/nocha0.wordpress.com\/?page_id=163"},"modified":"2026-04-14T09:35:14","modified_gmt":"2026-04-14T07:35:14","slug":"accueil-2","status":"publish","type":"page","link":"https:\/\/noemiecharretier.com\/","title":{"rendered":"Accueil"},"content":{"rendered":"\n<div class=\"wp-block-cover alignfull\"><img loading=\"lazy\" decoding=\"async\" width=\"2560\" height=\"1707\" class=\"wp-block-cover__image-background wp-image-371\" alt=\"\" src=\"https:\/\/noemiecharretier.com\/wp-content\/uploads\/2024\/07\/pexels-mali-109391-scaled.jpg\" data-object-fit=\"cover\" srcset=\"https:\/\/noemiecharretier.com\/wp-content\/uploads\/2024\/07\/pexels-mali-109391-scaled.jpg 2560w, https:\/\/noemiecharretier.com\/wp-content\/uploads\/2024\/07\/pexels-mali-109391-300x200.jpg 300w, https:\/\/noemiecharretier.com\/wp-content\/uploads\/2024\/07\/pexels-mali-109391-1024x683.jpg 1024w, https:\/\/noemiecharretier.com\/wp-content\/uploads\/2024\/07\/pexels-mali-109391-768x512.jpg 768w, https:\/\/noemiecharretier.com\/wp-content\/uploads\/2024\/07\/pexels-mali-109391-1536x1024.jpg 1536w, https:\/\/noemiecharretier.com\/wp-content\/uploads\/2024\/07\/pexels-mali-109391-2048x1365.jpg 2048w\" sizes=\"auto, (max-width: 2560px) 100vw, 2560px\" \/><span aria-hidden=\"true\" class=\"wp-block-cover__background has-background-dim\" style=\"background-color:#4c603f\"><\/span><div class=\"wp-block-cover__inner-container is-layout-flow wp-block-cover-is-layout-flow\">\n<h2 class=\"wp-block-heading has-text-align-center has-background-color has-text-color has-large-font-size\"><strong>Nos relations <\/strong><\/h2>\n\n\n\n<div class=\"wp-block-columns alignfull is-layout-flex wp-container-core-columns-is-layout-28f84493 wp-block-columns-is-layout-flex\">\n<div class=\"wp-block-column is-layout-flow wp-block-column-is-layout-flow\">\n<p class=\"has-text-align-justify has-background-color has-text-color\"><em>Nous cherchons tous \u00e0 cr\u00e9er des relations de respect, de bienveillance et de coop\u00e9ration avec notre entourage conjoint, enfants, amis et relations professionnelles et pourtant, nous vivons de nombreux conflits avec eux au quotidien.<\/em><\/p>\n\n\n\n<p class=\"has-text-align-justify has-background-color has-text-color\"><em>Pourquoi une simple situation peut-elle devenir source de conflits? Nous avons alors le sentiment de nous agacer, de ruminer, de nous cr\u00e9er un discours de lutte juste pour un d\u00e9saccord.<\/em><\/p>\n<\/div>\n\n\n\n<div class=\"wp-block-column is-layout-flow wp-block-column-is-layout-flow\">\n<p class=\"has-text-align-justify has-background-color has-text-color\"><em>Et si\u2026 on prenait le temps de se poser, de prendre conscience de ce qui se joue entre l&rsquo;autre et nous et de renouer un dialogue serein en prenant en compte ses sentiments mais les n\u00f4tres \u00e9galement ? <br>On pourrait alors envisager de coop\u00e9rer et retrouver la joie d\u2019\u00eatre ensemble et de vivre sereinement ces moments comme des partages plut\u00f4t que des combats \u00e0 gagner.<\/em><\/p>\n<\/div>\n<\/div>\n<\/div><\/div>\n\n\n\n<hr class=\"wp-block-separator has-alpha-channel-opacity\"\/>\n\n\n\n<hr class=\"wp-block-separator has-alpha-channel-opacity\"\/>\n\n\n\n<h1 class=\"wp-block-heading alignfull has-text-align-center\"><em>Mes activit\u00e9s<\/em><\/h1>\n\n\n\n<div class=\"wp-block-columns alignfull has-background-background-color has-background is-layout-flex wp-container-core-columns-is-layout-28f84493 wp-block-columns-is-layout-flex\">\n<div class=\"wp-block-column is-layout-flow wp-block-column-is-layout-flow\">\n<div class=\"wp-block-cover is-light wp-duotone-abb8c3-ffe2c7-1\"><img loading=\"lazy\" decoding=\"async\" width=\"1920\" height=\"2560\" class=\"wp-block-cover__image-background wp-image-369\" alt=\"\" src=\"https:\/\/noemiecharretier.com\/wp-content\/uploads\/2024\/07\/pexels-prismattco-3354675-scaled.jpg\" data-object-fit=\"cover\" srcset=\"https:\/\/noemiecharretier.com\/wp-content\/uploads\/2024\/07\/pexels-prismattco-3354675-scaled.jpg 1920w, https:\/\/noemiecharretier.com\/wp-content\/uploads\/2024\/07\/pexels-prismattco-3354675-225x300.jpg 225w, https:\/\/noemiecharretier.com\/wp-content\/uploads\/2024\/07\/pexels-prismattco-3354675-768x1024.jpg 768w, https:\/\/noemiecharretier.com\/wp-content\/uploads\/2024\/07\/pexels-prismattco-3354675-1152x1536.jpg 1152w, https:\/\/noemiecharretier.com\/wp-content\/uploads\/2024\/07\/pexels-prismattco-3354675-1536x2048.jpg 1536w\" sizes=\"auto, (max-width: 1920px) 100vw, 1920px\" \/><span aria-hidden=\"true\" class=\"wp-block-cover__background has-background-dim\" style=\"background-color:#FFF\"><\/span><div class=\"wp-block-cover__inner-container is-layout-flow wp-block-cover-is-layout-flow\">\n<p class=\"has-text-align-center has-large-font-size\">La Kin\u00e9siologie<\/p>\n\n\n\n<p><a href=\"https:\/\/noemiecharretier.com\/index.php\/la-kinesiologie-2\/\">En savoir plus<\/a><\/p>\n<\/div><\/div>\n<\/div>\n\n\n\n<div class=\"wp-block-column is-layout-flow wp-block-column-is-layout-flow\">\n<div class=\"wp-block-cover alignfull is-light wp-duotone-rgba171183194098-ffe2c7-2\"><img loading=\"lazy\" decoding=\"async\" width=\"4000\" height=\"6000\" class=\"wp-block-cover__image-background wp-image-367\" alt=\"\" src=\"https:\/\/noemiecharretier.com\/wp-content\/uploads\/2024\/07\/Design-sans-titre3-1.png\" data-object-fit=\"cover\" srcset=\"https:\/\/noemiecharretier.com\/wp-content\/uploads\/2024\/07\/Design-sans-titre3-1.png 4000w, https:\/\/noemiecharretier.com\/wp-content\/uploads\/2024\/07\/Design-sans-titre3-1-200x300.png 200w, https:\/\/noemiecharretier.com\/wp-content\/uploads\/2024\/07\/Design-sans-titre3-1-683x1024.png 683w, https:\/\/noemiecharretier.com\/wp-content\/uploads\/2024\/07\/Design-sans-titre3-1-768x1152.png 768w, https:\/\/noemiecharretier.com\/wp-content\/uploads\/2024\/07\/Design-sans-titre3-1-1024x1536.png 1024w, https:\/\/noemiecharretier.com\/wp-content\/uploads\/2024\/07\/Design-sans-titre3-1-1365x2048.png 1365w\" sizes=\"auto, (max-width: 4000px) 100vw, 4000px\" \/><span aria-hidden=\"true\" class=\"wp-block-cover__background has-background-dim\" style=\"background-color:#FFF\"><\/span><div class=\"wp-block-cover__inner-container is-layout-flow wp-block-cover-is-layout-flow\">\n<p class=\"has-text-align-center has-large-font-size\"><a href=\"https:\/\/noemiecharretier.com\/index.php\/524-2\/\" data-type=\"page\" data-id=\"524\">S\u00e9ances en visio<\/a><br><\/p>\n\n\n\n<p class=\"has-background-color has-text-color\"><a href=\"https:\/\/noemiecharretier.com\/index.php\/accompagnement-enfants-ados\/\">En savoir plus<\/a><\/p>\n<\/div><\/div>\n<\/div>\n\n\n\n<div class=\"wp-block-column is-layout-flow wp-block-column-is-layout-flow\">\n<div class=\"wp-block-cover wp-duotone-abb8c3-ffe2c7-3\" style=\"min-height:430px;aspect-ratio:unset;\"><img loading=\"lazy\" decoding=\"async\" width=\"1280\" height=\"853\" class=\"wp-block-cover__image-background wp-image-265\" alt=\"\" src=\"http:\/\/noemiecharretier.com\/wp-content\/uploads\/2023\/10\/people-2557396_1280.jpg\" data-object-fit=\"cover\" srcset=\"https:\/\/noemiecharretier.com\/wp-content\/uploads\/2023\/10\/people-2557396_1280.jpg 1280w, https:\/\/noemiecharretier.com\/wp-content\/uploads\/2023\/10\/people-2557396_1280-300x200.jpg 300w, https:\/\/noemiecharretier.com\/wp-content\/uploads\/2023\/10\/people-2557396_1280-1024x682.jpg 1024w, https:\/\/noemiecharretier.com\/wp-content\/uploads\/2023\/10\/people-2557396_1280-768x512.jpg 768w\" sizes=\"auto, (max-width: 1280px) 100vw, 1280px\" \/><span aria-hidden=\"true\" class=\"wp-block-cover__background has-background-dim\" style=\"background-color:#746e6a\"><\/span><div class=\"wp-block-cover__inner-container is-layout-flow wp-block-cover-is-layout-flow\">\n<p class=\"has-text-align-center has-large-font-size\">Suivi TND<\/p>\n\n\n\n<p class=\"has-text-align-center\">(Dys &#8211; TDA\/H &#8211; TSA &#8230;)<\/p>\n\n\n\n<p><a href=\"https:\/\/noemiecharretier.com\/index.php\/accompagnement-methodologie-scolaire\/\" data-type=\"page\" data-id=\"105\">En savoir plus<\/a><\/p>\n<\/div><\/div>\n<\/div>\n<\/div>\n\n\n\n<hr class=\"wp-block-separator has-alpha-channel-opacity\"\/>\n\n\n\n<h1 class=\"wp-block-heading has-text-align-center\">Actualit\u00e9s<\/h1>\n\n\n\n<figure class=\"wp-block-gallery has-nested-images columns-default is-cropped wp-block-gallery-4 is-layout-flex wp-block-gallery-is-layout-flex\">\n<figure class=\"wp-block-image size-large\"><img loading=\"lazy\" decoding=\"async\" width=\"819\" height=\"1024\" data-id=\"608\" src=\"https:\/\/noemiecharretier.com\/wp-content\/uploads\/2026\/04\/Constellations-fam-1080-x-1350-px3-819x1024.png\" alt=\"\" class=\"wp-image-608\" srcset=\"https:\/\/noemiecharretier.com\/wp-content\/uploads\/2026\/04\/Constellations-fam-1080-x-1350-px3-819x1024.png 819w, https:\/\/noemiecharretier.com\/wp-content\/uploads\/2026\/04\/Constellations-fam-1080-x-1350-px3-240x300.png 240w, https:\/\/noemiecharretier.com\/wp-content\/uploads\/2026\/04\/Constellations-fam-1080-x-1350-px3-768x960.png 768w, https:\/\/noemiecharretier.com\/wp-content\/uploads\/2026\/04\/Constellations-fam-1080-x-1350-px3.png 1080w\" sizes=\"auto, (max-width: 819px) 100vw, 819px\" \/><\/figure>\n<\/figure>\n\n\n\n<figure class=\"wp-block-image size-large\"><img loading=\"lazy\" decoding=\"async\" width=\"819\" height=\"1024\" src=\"https:\/\/noemiecharretier.com\/wp-content\/uploads\/2026\/04\/Constellations-fam-1080-x-1350-px5-819x1024.png\" alt=\"\" class=\"wp-image-614\" srcset=\"https:\/\/noemiecharretier.com\/wp-content\/uploads\/2026\/04\/Constellations-fam-1080-x-1350-px5-819x1024.png 819w, https:\/\/noemiecharretier.com\/wp-content\/uploads\/2026\/04\/Constellations-fam-1080-x-1350-px5-240x300.png 240w, https:\/\/noemiecharretier.com\/wp-content\/uploads\/2026\/04\/Constellations-fam-1080-x-1350-px5-768x960.png 768w, https:\/\/noemiecharretier.com\/wp-content\/uploads\/2026\/04\/Constellations-fam-1080-x-1350-px5.png 1080w\" sizes=\"auto, (max-width: 819px) 100vw, 819px\" \/><\/figure>\n\n\n\n<div class=\"wp-block-columns is-layout-flex wp-container-core-columns-is-layout-28f84493 wp-block-columns-is-layout-flex\">\n<div class=\"wp-block-column is-layout-flow wp-block-column-is-layout-flow\" style=\"flex-basis:100%\">\n<h3 class=\"wp-block-heading has-text-align-center\"><em>Infos pratiques<\/em><\/h3>\n<\/div>\n<\/div>\n\n\n\n<div class=\"wp-block-columns alignfull are-vertically-aligned-center has-background is-layout-flex wp-container-core-columns-is-layout-28f84493 wp-block-columns-is-layout-flex\" style=\"background-color:#c7ddc5\">\n<div class=\"wp-block-column is-vertically-aligned-center is-layout-flow wp-block-column-is-layout-flow\">\n<p class=\"has-text-align-center\"><a href=\"https:\/\/noemiecharretier.com\/index.php\/la-kinesiologie-2\/\" data-type=\"page\" data-id=\"38\">Les s\u00e9ances<\/a> <\/p>\n<\/div>\n\n\n\n<div class=\"wp-block-column is-layout-flow wp-block-column-is-layout-flow\">\n<div class=\"wp-block-buttons is-layout-flex wp-block-buttons-is-layout-flex\">\n<div class=\"wp-block-button\"><a class=\"wp-block-button__link wp-element-button\" href=\"https:\/\/perfactive.fr\/noemie-charretier\/location?people=14364\" target=\"_blank\" rel=\"noreferrer noopener\">Prendre rendez-vous<\/a><\/div>\n<\/div>\n<\/div>\n\n\n\n<div class=\"wp-block-column is-vertically-aligned-center is-layout-flow wp-block-column-is-layout-flow\">\n<p class=\"has-text-align-center\"><a href=\"noemie.avec@gmail.com\" data-type=\"link\" data-id=\"noemie.avec@gmail.com\">Contact<\/a><\/p>\n<\/div>\n<\/div>\n\n\n\n<p>Conditions g\u00e9n\u00e9rales de vente <em><a href=\"https:\/\/noemiecharretier.com\/index.php\/505-2\/\" data-type=\"page\" data-id=\"505\">ici<\/a><\/em><\/p>\n","protected":false},"excerpt":{"rendered":"<p>Mes activit\u00e9s Actualit\u00e9s Infos pratiques Les s\u00e9ances Contact Conditions g\u00e9n\u00e9rales de vente ici<\/p>\n","protected":false},"author":2,"featured_media":0,"parent":0,"menu_order":0,"comment_status":"closed","ping_status":"closed","template":"","meta":{"footnotes":""},"class_list":["post-163","page","type-page","status-publish","hentry"],"_links":{"self":[{"href":"https:\/\/noemiecharretier.com\/index.php\/wp-json\/wp\/v2\/pages\/163","targetHints":{"allow":["GET"]}}],"collection":[{"href":"https:\/\/noemiecharretier.com\/index.php\/wp-json\/wp\/v2\/pages"}],"about":[{"href":"https:\/\/noemiecharretier.com\/index.php\/wp-json\/wp\/v2\/types\/page"}],"author":[{"embeddable":true,"href":"https:\/\/noemiecharretier.com\/index.php\/wp-json\/wp\/v2\/users\/2"}],"replies":[{"embeddable":true,"href":"https:\/\/noemiecharretier.com\/index.php\/wp-json\/wp\/v2\/comments?post=163"}],"version-history":[{"count":57,"href":"https:\/\/noemiecharretier.com\/index.php\/wp-json\/wp\/v2\/pages\/163\/revisions"}],"predecessor-version":[{"id":615,"href":"https:\/\/noemiecharretier.com\/index.php\/wp-json\/wp\/v2\/pages\/163\/revisions\/615"}],"wp:attachment":[{"href":"https:\/\/noemiecharretier.com\/index.php\/wp-json\/wp\/v2\/media?parent=163"}],"curies":[{"name":"wp","href":"https:\/\/api.w.org\/{rel}","templated":true}]}}