{"id":27,"date":"2023-04-19T18:37:00","date_gmt":"2023-04-19T16:37:00","guid":{"rendered":"https:\/\/nocha0.wordpress.com\/?page_id=27"},"modified":"2026-02-01T12:04:30","modified_gmt":"2026-02-01T11:04:30","slug":"contact","status":"publish","type":"page","link":"https:\/\/noemiecharretier.com\/index.php\/contact\/","title":{"rendered":"Contact\u00a0:"},"content":{"rendered":"\n<h1 class=\"wp-block-heading\">Contact&nbsp;:<\/h1>\n\n\n\n<p>Le cabinet se situe au sein du <a href=\"http:\/\/www.quantavie.fr\" data-type=\"link\" data-id=\"www.quantavie.fr\">Cowork Quantavie<\/a>, \u00e0 St Romain Lachalm \u00e0 mi-distance de Monistrol (Haute-Loire) et de Firminy (Loire)<\/p>\n\n\n\n<p id=\"block-4c2ac71a-5bb6-44e5-8669-673a6c7e4172\"><a href=\"mailto:noemiecharretier@aol.com\">06 62 23 16 81<\/a><\/p>\n\n\n\n<p id=\"block-3e2e1c48-c141-4001-aff3-d8b0cc5b0baa\"><a href=\"mailto:noemie.avec@gmail.com\" target=\"_blank\" rel=\"noreferrer noopener\">noemie.avec@gmail.com<\/a><\/p>\n\n\n\n<div class=\"wp-block-buttons is-layout-flex wp-block-buttons-is-layout-flex\">\n<div class=\"wp-block-button\"><a class=\"wp-block-button__link wp-element-button\" href=\"https:\/\/perfactive.fr\/noemie-charretier\/new?people=14364\">Prendre rendez-vous<\/a><\/div>\n<\/div>\n\n\n\n<p>Je vous partage de nombreux outils et prises de conscience \u00e0 travers les r\u00e9seaux, sentez-vous libre de venir par curiosit\u00e9, de questionner et de vous abonner.<\/p>\n\n\n\n<figure class=\"wp-block-image size-full is-resized\"><a href=\"https:\/\/www.instagram.com\/noemiecharretier\/\"><img loading=\"lazy\" decoding=\"async\" width=\"174\" height=\"148\" src=\"http:\/\/noemiecharretier.com\/wp-content\/uploads\/2026\/02\/insta.jpg\" alt=\"\" class=\"wp-image-588\" style=\"width:43px;height:auto\"\/><\/a><\/figure>\n\n\n\n<figure class=\"wp-block-image size-full is-resized\"><a href=\"https:\/\/www.facebook.com\/p\/No%C3%A9mie-Charretier-Accompagnatrice-parents-enfants-ados-100093069551982\/\"><img loading=\"lazy\" decoding=\"async\" width=\"960\" height=\"960\" src=\"https:\/\/noemiecharretier.com\/wp-content\/uploads\/2026\/02\/fb.png\" alt=\"\" class=\"wp-image-586\" style=\"width:41px;height:auto\" srcset=\"https:\/\/noemiecharretier.com\/wp-content\/uploads\/2026\/02\/fb.png 960w, https:\/\/noemiecharretier.com\/wp-content\/uploads\/2026\/02\/fb-300x300.png 300w, https:\/\/noemiecharretier.com\/wp-content\/uploads\/2026\/02\/fb-150x150.png 150w, https:\/\/noemiecharretier.com\/wp-content\/uploads\/2026\/02\/fb-768x768.png 768w\" sizes=\"auto, (max-width: 960px) 100vw, 960px\" \/><\/a><\/figure>\n","protected":false},"excerpt":{"rendered":"<p>Contact&nbsp;: Le cabinet se situe au sein du Cowork Quantavie, \u00e0 St Romain Lachalm \u00e0 mi-distance de Monistrol (Haute-Loire) et de Firminy (Loire) 06 62 23 16 81 noemie.avec@gmail.com Je vous partage de nombreux outils et prises de conscience \u00e0 travers les r\u00e9seaux, sentez-vous libre de venir par curiosit\u00e9, de questionner et de vous abonner.<\/p>\n","protected":false},"author":1,"featured_media":0,"parent":0,"menu_order":0,"comment_status":"closed","ping_status":"closed","template":"","meta":{"footnotes":""},"class_list":["post-27","page","type-page","status-publish","hentry"],"_links":{"self":[{"href":"https:\/\/noemiecharretier.com\/index.php\/wp-json\/wp\/v2\/pages\/27","targetHints":{"allow":["GET"]}}],"collection":[{"href":"https:\/\/noemiecharretier.com\/index.php\/wp-json\/wp\/v2\/pages"}],"about":[{"href":"https:\/\/noemiecharretier.com\/index.php\/wp-json\/wp\/v2\/types\/page"}],"author":[{"embeddable":true,"href":"https:\/\/noemiecharretier.com\/index.php\/wp-json\/wp\/v2\/users\/1"}],"replies":[{"embeddable":true,"href":"https:\/\/noemiecharretier.com\/index.php\/wp-json\/wp\/v2\/comments?post=27"}],"version-history":[{"count":15,"href":"https:\/\/noemiecharretier.com\/index.php\/wp-json\/wp\/v2\/pages\/27\/revisions"}],"predecessor-version":[{"id":590,"href":"https:\/\/noemiecharretier.com\/index.php\/wp-json\/wp\/v2\/pages\/27\/revisions\/590"}],"wp:attachment":[{"href":"https:\/\/noemiecharretier.com\/index.php\/wp-json\/wp\/v2\/media?parent=27"}],"curies":[{"name":"wp","href":"https:\/\/api.w.org\/{rel}","templated":true}]}}