{"id":29,"date":"2023-04-19T18:37:36","date_gmt":"2023-04-19T16:37:36","guid":{"rendered":"https:\/\/nocha0.wordpress.com\/?page_id=29"},"modified":"2025-06-05T10:51:20","modified_gmt":"2025-06-05T08:51:20","slug":"une-seance","status":"publish","type":"page","link":"https:\/\/noemiecharretier.com\/index.php\/une-seance\/","title":{"rendered":"Conf\u00e9rences"},"content":{"rendered":"\n<h2 class=\"wp-block-heading has-text-align-center\"><strong>Conf\u00e9rences inspirantes au service des enfants, des parents et des professionnels<\/strong><\/h2>\n\n\n\n<p><\/p>\n\n\n\n<blockquote class=\"wp-block-quote is-layout-flow wp-block-quote-is-layout-flow\">\n<p class=\"has-text-align-right\"><\/p>\n\n\n\n<p><strong>Parentalit\u00e9, \u00e9motions, scolarit\u00e9, neuroatypies\u2026<\/strong><br>Autant de sujets essentiels et parfois d\u00e9licats, que je transmets avec clart\u00e9, bienveillance et conviction lors de mes conf\u00e9rences.<\/p>\n\n\n\n<p>Depuis plusieurs ann\u00e9es, j\u2019interviens aupr\u00e8s de parents, d\u2019enseignants, de professionnels de l\u2019enfance et de l\u2019\u00e9ducation, pour <strong>ouvrir des perspectives nouvelles<\/strong>, <strong>d\u00e9dramatiser<\/strong>, et surtout <strong>donner des cl\u00e9s concr\u00e8tes pour mieux comprendre et accompagner<\/strong> les enfants d\u2019aujourd\u2019hui.<\/p>\n<\/blockquote>\n\n\n\n<h2 class=\"wp-block-heading\"> Mes th\u00e9matiques phares :<\/h2>\n\n\n\n<ul class=\"wp-block-list\">\n<li><strong>Parentalit\u00e9 bienveillante &amp; r\u00e9aliste<\/strong><br>Sortir de la culpabilit\u00e9, poser un cadre s\u00e9curisant, cultiver le lien et l\u2019\u00e9coute, tout en se respectant soi-m\u00eame.<\/li>\n\n\n\n<li><strong>Psychop\u00e9dagogie &amp; plaisir d\u2019apprendre<\/strong><br>Comment fonctionne un cerveau d\u2019enfant ? Comment l\u2019aider \u00e0 apprendre sans pression, avec confiance et motivation ?<\/li>\n\n\n\n<li><strong>R\u00e9gulation \u00e9motionnelle<\/strong><br>Comprendre les temp\u00eates \u00e9motionnelles des enfants (et des adultes !), apprendre \u00e0 les accompagner sans les r\u00e9primer, ni s\u2019y noyer.<\/li>\n\n\n\n<li><strong>Rapport \u00e0 l\u2019\u00e9cole &amp; scolarit\u00e9<\/strong><br>Redonner du sens \u00e0 l\u2019\u00e9cole, comprendre les blocages, dialoguer avec les enseignants, soutenir un enfant en difficult\u00e9 sans dramatiser.<\/li>\n\n\n\n<li><strong>Neuroatypies &amp; diff\u00e9rences invisibles<\/strong><br>TDAH, haut potentiel, TSA, troubles DYS\u2026 Mieux comprendre ces profils pour mieux les accueillir, que l\u2019on soit parent ou professionnel.<\/li>\n<\/ul>\n\n\n\n<h2 class=\"wp-block-heading\">Des conf\u00e9rences pour\u2026<\/h2>\n\n\n\n<p><strong>\u00c9veiller les consciences<\/strong><br><strong>Changer de regard<\/strong><br><strong>Apporter des outils concrets<\/strong><br><strong>Cr\u00e9er du lien entre familles et professionnels<\/strong><\/p>\n\n\n\n<h3 class=\"wp-block-heading\">Interventions possibles :<\/h3>\n\n\n\n<h3 class=\"wp-block-heading\"><\/h3>\n\n\n\n<ul class=\"wp-block-list\">\n<li>\u00c9v\u00e9nements parentalit\u00e9 \/ bien-\u00eatre\/ caf\u00e9 des parents<\/li>\n\n\n\n<li>Formations professionnelles (enseignants, \u00e9ducateurs, cr\u00e8ches, structures m\u00e9dico-sociales\u2026)<\/li>\n\n\n\n<li>\u00c9coles, coll\u00e8ges, lyc\u00e9es, association de parents d\u2019\u00e9l\u00e8ves<\/li>\n\n\n\n<li>Associations, collectivit\u00e9s, entreprises<\/li>\n<\/ul>\n\n\n\n<p><strong>Envie d\u2019organiser une conf\u00e9rence ou d\u2019en savoir plus ?<\/strong><br>Contacte-moi ici : <a href=\"mailto:noemie.avec@gmail.com\">noemie.avec@gmail.com<\/a><\/p>\n\n\n\n<p><\/p>\n","protected":false},"excerpt":{"rendered":"<p>Conf\u00e9rences inspirantes au service des enfants, des parents et des professionnels Parentalit\u00e9, \u00e9motions, scolarit\u00e9, neuroatypies\u2026Autant de sujets essentiels et parfois d\u00e9licats, que je transmets avec clart\u00e9, bienveillance et conviction lors de mes conf\u00e9rences. Depuis plusieurs ann\u00e9es, j\u2019interviens aupr\u00e8s de parents, d\u2019enseignants, de professionnels de l\u2019enfance et de l\u2019\u00e9ducation, pour ouvrir des perspectives nouvelles, d\u00e9dramatiser, et [&hellip;]<\/p>\n","protected":false},"author":1,"featured_media":0,"parent":0,"menu_order":0,"comment_status":"closed","ping_status":"closed","template":"","meta":{"footnotes":""},"class_list":["post-29","page","type-page","status-publish","hentry"],"_links":{"self":[{"href":"https:\/\/noemiecharretier.com\/index.php\/wp-json\/wp\/v2\/pages\/29","targetHints":{"allow":["GET"]}}],"collection":[{"href":"https:\/\/noemiecharretier.com\/index.php\/wp-json\/wp\/v2\/pages"}],"about":[{"href":"https:\/\/noemiecharretier.com\/index.php\/wp-json\/wp\/v2\/types\/page"}],"author":[{"embeddable":true,"href":"https:\/\/noemiecharretier.com\/index.php\/wp-json\/wp\/v2\/users\/1"}],"replies":[{"embeddable":true,"href":"https:\/\/noemiecharretier.com\/index.php\/wp-json\/wp\/v2\/comments?post=29"}],"version-history":[{"count":13,"href":"https:\/\/noemiecharretier.com\/index.php\/wp-json\/wp\/v2\/pages\/29\/revisions"}],"predecessor-version":[{"id":466,"href":"https:\/\/noemiecharretier.com\/index.php\/wp-json\/wp\/v2\/pages\/29\/revisions\/466"}],"wp:attachment":[{"href":"https:\/\/noemiecharretier.com\/index.php\/wp-json\/wp\/v2\/media?parent=29"}],"curies":[{"name":"wp","href":"https:\/\/api.w.org\/{rel}","templated":true}]}}