{"id":38,"date":"2023-04-19T18:58:08","date_gmt":"2023-04-19T16:58:08","guid":{"rendered":"https:\/\/nocha0.wordpress.com\/?page_id=38"},"modified":"2026-03-20T11:21:07","modified_gmt":"2026-03-20T10:21:07","slug":"la-kinesiologie-2","status":"publish","type":"page","link":"https:\/\/noemiecharretier.com\/index.php\/la-kinesiologie-2\/","title":{"rendered":"La kin\u00e9siologie"},"content":{"rendered":"\n<h2 class=\"wp-block-heading\"><strong>La kin\u00e9siologie<\/strong><\/h2>\n\n\n\n<p class=\"has-cabin-font-family\">Une s\u00e9ance dure environ 1h\/1h15.<\/p>\n\n\n\n<p class=\"has-cabin-font-family\">Allong\u00e9 sur une table de massage, le consultant est habill\u00e9 et retire seulement ses chaussures.<\/p>\n\n\n\n<p class=\"has-cabin-font-family\">Apr\u00e8s avoir \u00e9chang\u00e9 sur les motifs de votre rendez-vous, je me sers des tests musculaires pour dialoguer avec votre inconscient via le corps. Le test musculaire permet de diriger la s\u00e9ance, vous avez toujours le choix de partager vos \u00e9motions, vos ressentis&#8230; Mon travail consiste ensuite \u00e0 proc\u00e9der aux \u00e9quilibrations (\u00e0 base de mouvements, points d&rsquo;acupression, points neuro-lymphatiques, points neuro-vasculaires, &#8230;) qui permettront \u00e0 l&rsquo;\u00e9nergie de circuler avec fluidit\u00e9 une fois la charge \u00e9motionnelle lev\u00e9e.<\/p>\n\n\n\n<p>Pour quoi? <\/p>\n\n\n\n<p>Am\u00e9liorer la confiance en soi et l&rsquo;estime de soi, diminuer le stress, l&rsquo;anxi\u00e9t\u00e9, les angoisses, les TOC, la d\u00e9pression, le burn out, &#8230;<\/p>\n\n\n\n<p>Accompagnement au deuil r\u00e9cent, ancien, deuil p\u00e9rinatale, &#8230;<\/p>\n\n\n\n<p>Maladies chroniques ou douleurs physiques, troubles intestinaux-digestifs, allergies, les s\u00e9ances de kin\u00e9siologie sont toujours en compl\u00e9ment d&rsquo;un suivi m\u00e9dical.<\/p>\n\n\n\n<p>Les troubles du sommeil, troubles du comportement alimentaire, addictions, phobies, probl\u00e8mes de poids, accompagnement des traumatismes, &#8230;<\/p>\n\n\n\n<p>Neuroatypies (TDA\/H, TSA, HPI, HPE, Dys&#8230;)<\/p>\n\n\n\n<p>Difficult\u00e9s relationnelles : couple, parent-ados\/enfant, travail, familiale, amoureuse,&#8230;<\/p>\n\n\n\n<p><strong>Lieu:<\/strong> A l&rsquo;Espace Quantavie \u00e0 St Romain Lachalm<\/p>\n\n\n\n<p class=\"has-cabin-font-family\"><strong>Tarifs :<\/strong> <strong>1\u00e8re s\u00e9ance \u00e0 85 \u20ac puis 80\u20ac les s\u00e9ances suivantes <\/strong><\/p>\n\n\n\n<p><\/p>\n\n\n\n<p class=\"has-cabin-font-family\">Accompagnement Duo (sp\u00e9cial parents-enfants) s\u00e9ance \u00e0 prix sp\u00e9cial: 140\u20ac <\/p>\n\n\n\n<p>La prise de rendez-vous en ligne est ouverte chaque mois le 1er pour le mois suivant. Le 1er d\u00e9cembre, seront disponibles les cr\u00e9neaux du mois de janvier 2026.<\/p>\n\n\n\n<p class=\"has-cabin-font-family\"><br>R\u00e8glement en esp\u00e8ce ou en ch\u00e8que.<\/p>\n\n\n\n<p>Pour rappel, tout rendez-vous ne pouvant \u00eatre honor\u00e9 doit \u00eatre annul\u00e9 moins de 48h \u00e0 l&rsquo;avance pour le respect de mon temps et de mon travail. Merci de votre compr\u00e9hension. <\/p>\n\n\n\n<p>Vous souhaitez un rendez-vous mais il n&rsquo;y a plus de cr\u00e9neaux disponibles? Envoyez moi un mail avec vos coordonn\u00e9es t\u00e9l\u00e9phoniques, mail et nom pr\u00e9nom et je vous ajoute sur ma liste d&rsquo;alerte d\u00e9sistement (vous recevez un mail en cas d&rsquo;annulation).<\/p>\n\n\n\n<p>r\u00e9f\u00e9renc\u00e9e par la <a href=\"https:\/\/www.federation-kinesiologie.fr\/\" target=\"_blank\" rel=\"noreferrer noopener\">FFK, F\u00e9d\u00e9ration fran\u00e7aise de kin\u00e9siologie. <\/a><\/p>\n\n\n\n<div class=\"wp-block-group is-nowrap is-layout-flex wp-container-core-group-is-layout-6c531013 wp-block-group-is-layout-flex\">\n<figure class=\"wp-block-image size-full is-resized\"><a href=\"https:\/\/synapkin.com\/\"><img loading=\"lazy\" decoding=\"async\" width=\"300\" height=\"285\" src=\"https:\/\/noemiecharretier.com\/wp-content\/uploads\/2025\/12\/SYNAPKiN-Logo-petit.png\" alt=\"\" class=\"wp-image-551\" style=\"width:49px;height:auto\"\/><\/a><\/figure>\n\n\n\n<p>Kin\u00e9siologue certifi\u00e9e par <a href=\"http:\/\/www.synapkin.com\" data-type=\"link\" data-id=\"www.synapkin.com\">l&rsquo;\u00e9cole Synapkin<\/a> <\/p>\n<\/div>\n\n\n\n<p>\u00ab\u00a0<strong>La vie va mettre des cailloux sur ton chemin \u00e0 toi de d\u00e9cider si tu en fais des murs ou des ponts.\u00a0\u00bb<\/strong><\/p>\n\n\n\n<p class=\"has-text-align-center has-luminous-vivid-amber-color has-text-color\"><strong>Coluche<\/strong><\/p>\n\n\n\n<div class=\"wp-block-buttons is-layout-flex wp-block-buttons-is-layout-flex\">\n<div class=\"wp-block-button\"><a class=\"wp-block-button__link wp-element-button\" href=\"https:\/\/perfactive.fr\/noemie-charretier\/new?location=7461788&amp;people=14364\">Prendre rendez-vous<\/a><\/div>\n<\/div>\n","protected":false},"excerpt":{"rendered":"<p>La kin\u00e9siologie Une s\u00e9ance dure environ 1h\/1h15. Allong\u00e9 sur une table de massage, le consultant est habill\u00e9 et retire seulement ses chaussures. Apr\u00e8s avoir \u00e9chang\u00e9 sur les motifs de votre rendez-vous, je me sers des tests musculaires pour dialoguer avec votre inconscient via le corps. Le test musculaire permet de diriger la s\u00e9ance, vous avez [&hellip;]<\/p>\n","protected":false},"author":1,"featured_media":0,"parent":0,"menu_order":0,"comment_status":"closed","ping_status":"closed","template":"","meta":{"footnotes":""},"class_list":["post-38","page","type-page","status-publish","hentry"],"_links":{"self":[{"href":"https:\/\/noemiecharretier.com\/index.php\/wp-json\/wp\/v2\/pages\/38","targetHints":{"allow":["GET"]}}],"collection":[{"href":"https:\/\/noemiecharretier.com\/index.php\/wp-json\/wp\/v2\/pages"}],"about":[{"href":"https:\/\/noemiecharretier.com\/index.php\/wp-json\/wp\/v2\/types\/page"}],"author":[{"embeddable":true,"href":"https:\/\/noemiecharretier.com\/index.php\/wp-json\/wp\/v2\/users\/1"}],"replies":[{"embeddable":true,"href":"https:\/\/noemiecharretier.com\/index.php\/wp-json\/wp\/v2\/comments?post=38"}],"version-history":[{"count":52,"href":"https:\/\/noemiecharretier.com\/index.php\/wp-json\/wp\/v2\/pages\/38\/revisions"}],"predecessor-version":[{"id":605,"href":"https:\/\/noemiecharretier.com\/index.php\/wp-json\/wp\/v2\/pages\/38\/revisions\/605"}],"wp:attachment":[{"href":"https:\/\/noemiecharretier.com\/index.php\/wp-json\/wp\/v2\/media?parent=38"}],"curies":[{"name":"wp","href":"https:\/\/api.w.org\/{rel}","templated":true}]}}