{"id":524,"date":"2025-10-23T15:46:41","date_gmt":"2025-10-23T13:46:41","guid":{"rendered":"https:\/\/noemiecharretier.com\/?page_id=524"},"modified":"2026-01-12T08:52:11","modified_gmt":"2026-01-12T07:52:11","slug":"524-2","status":"publish","type":"page","link":"https:\/\/noemiecharretier.com\/index.php\/524-2\/","title":{"rendered":"Lib\u00e9rations psycho-\u00e9motionnelles"},"content":{"rendered":"\n<h2 class=\"wp-block-heading has-text-align-center\"><strong>S\u00e9ance en visio<\/strong><\/h2>\n\n\n\n<p>Parce qu\u2019on n\u2019a pas toujours la possibilit\u00e9 de se d\u00e9placer, je te propose des <strong>s\u00e9ances en visio<\/strong> pour t\u2019aider \u00e0 lib\u00e9rer ce qui te p\u00e8se, o\u00f9 que tu sois.<\/p>\n\n\n\n<p>La s\u00e9ance dure 1h\/1h15, je t&rsquo;envoie le lien de connexion quelques heures avant le rendez-vous. <\/p>\n\n\n\n<p>Une <strong>s\u00e9ance en visio<\/strong>, c\u2019est un moment pour toi.<br>Un espace o\u00f9 l\u2019on vient mettre en lumi\u00e8re ce qui, dans ton inconscient, cr\u00e9e des blocages, du stress, des peurs, ou des sch\u00e9mas r\u00e9p\u00e9titifs.<br>Nous permettons \u00e0 l\u2019\u00e9nergie de circuler \u00e0 nouveau librement.<\/p>\n\n\n\n<p>\ud83d\udcbb <strong>En visio, comment \u00e7a se passe ?<\/strong><br>Tu t\u2019installes dans un endroit calme, un moment rien que pour toi.<br>Apr\u00e8s avoir \u00e9changer sur ce que tu vis, sur ce que tu aimerais comprendre ou transformer.<br>Ensemble, nous lib\u00e9rons les \u00e9motions, croyances ou m\u00e9moires qui freinent ton \u00e9lan de vie.<br><\/p>\n\n\n\n<p>Ces s\u00e9ances sont id\u00e9ales si tu souhaites :<\/p>\n\n\n\n<ul class=\"wp-block-list\">\n<li>Te lib\u00e9rer d\u2019un stress, d\u2019une \u00e9motion bloqu\u00e9e ou d\u2019un mal-\u00eatre persistant<\/li>\n\n\n\n<li>Mieux comprendre un sch\u00e9ma r\u00e9p\u00e9titif dans ta vie personnelle ou professionnelle<\/li>\n\n\n\n<li>Retrouver confiance, l\u00e9g\u00e8ret\u00e9 et clart\u00e9 int\u00e9rieure<\/li>\n\n\n\n<li>Prendre soin de toi sans contrainte de d\u00e9placement<\/li>\n<\/ul>\n\n\n\n<p><strong>Tarifs :<\/strong> S\u00e9ance 80\u20ac.<\/p>\n\n\n\n<p><em>\u00ab\u00a0Il y a des rencontres pour lesquelles vous savez et No\u00e9mie a \u00e9t\u00e9 l\u2019une de celles-ci. Lorsque je l\u2019ai rencontr\u00e9, c\u2019est avec elle que je voulais plong\u00e9 dans mes blessures. La distance m\u2019a emp\u00each\u00e9 d\u2019aller jusqu\u2019\u00e0 son cabinet mais l\u2019accompagnement en visio me permet de trouver cet espace de s\u00e9curit\u00e9 que je cherchais. Depuis le d\u00e9but de mon accompagnement, je gagne en confiance en moi et les mots de No\u00e9mie sont toujours justes et me permettent d\u2019avancer avec plus de douceur envers moi. Je recommande son accompagnement, son regard bienveillant et soutenant.\u00a0\u00bb<\/em> Emma<\/p>\n\n\n\n<div class=\"wp-block-buttons is-content-justification-center is-layout-flex wp-container-core-buttons-is-layout-a89b3969 wp-block-buttons-is-layout-flex\">\n<div class=\"wp-block-button\"><a class=\"wp-block-button__link has-text-align-center wp-element-button\" href=\"https:\/\/perfactive.fr\/noemie-charretier\/new?location=7456399&amp;people=14364\">Je r\u00e9serve ma s\u00e9ance<\/a><\/div>\n<\/div>\n","protected":false},"excerpt":{"rendered":"<p>S\u00e9ance en visio Parce qu\u2019on n\u2019a pas toujours la possibilit\u00e9 de se d\u00e9placer, je te propose des s\u00e9ances en visio pour t\u2019aider \u00e0 lib\u00e9rer ce qui te p\u00e8se, o\u00f9 que tu sois. La s\u00e9ance dure 1h\/1h15, je t&rsquo;envoie le lien de connexion quelques heures avant le rendez-vous. Une s\u00e9ance en visio, c\u2019est un moment pour [&hellip;]<\/p>\n","protected":false},"author":1,"featured_media":0,"parent":0,"menu_order":0,"comment_status":"closed","ping_status":"closed","template":"","meta":{"footnotes":""},"class_list":["post-524","page","type-page","status-publish","hentry"],"_links":{"self":[{"href":"https:\/\/noemiecharretier.com\/index.php\/wp-json\/wp\/v2\/pages\/524","targetHints":{"allow":["GET"]}}],"collection":[{"href":"https:\/\/noemiecharretier.com\/index.php\/wp-json\/wp\/v2\/pages"}],"about":[{"href":"https:\/\/noemiecharretier.com\/index.php\/wp-json\/wp\/v2\/types\/page"}],"author":[{"embeddable":true,"href":"https:\/\/noemiecharretier.com\/index.php\/wp-json\/wp\/v2\/users\/1"}],"replies":[{"embeddable":true,"href":"https:\/\/noemiecharretier.com\/index.php\/wp-json\/wp\/v2\/comments?post=524"}],"version-history":[{"count":9,"href":"https:\/\/noemiecharretier.com\/index.php\/wp-json\/wp\/v2\/pages\/524\/revisions"}],"predecessor-version":[{"id":562,"href":"https:\/\/noemiecharretier.com\/index.php\/wp-json\/wp\/v2\/pages\/524\/revisions\/562"}],"wp:attachment":[{"href":"https:\/\/noemiecharretier.com\/index.php\/wp-json\/wp\/v2\/media?parent=524"}],"curies":[{"name":"wp","href":"https:\/\/api.w.org\/{rel}","templated":true}]}}